{"id":4156,"date":"2019-07-08T10:31:31","date_gmt":"2019-07-08T08:31:31","guid":{"rendered":"http:\/\/www.cpu.fr\/phototheque\/?page_id=4156"},"modified":"2024-09-26T15:54:52","modified_gmt":"2024-09-26T13:54:52","slug":"conditions-dutilisation","status":"publish","type":"page","link":"https:\/\/franceuniversites.fr\/phototheque\/conditions-dutilisation\/","title":{"rendered":"Conditions d&#8217;utilisation"},"content":{"rendered":"<p>La phototh\u00e8que de France Universit\u00e9s met gratuitement \u00e0 la disposition des journalistes, acteurs de l\u2019enseignement et autres utilisateurs (associations, \u00e9tudiants, etc.) une banque de photos des universit\u00e9s et \u00e9tablissements d\u2019enseignement sup\u00e9rieur et de recherche.<\/p>\n<p>L\u2019objectif de la phototh\u00e8que de France Universit\u00e9s est d\u2019offrir des ressources multim\u00e9dia permettant de valoriser et faire la promotion des universit\u00e9s et \u00e9tablissements d\u2019enseignement sup\u00e9rieur et de recherche en France.<\/p>\n<p>Bien que les photos contenues dans la phototh\u00e8que de France Universit\u00e9s soient en acc\u00e8s libre, elles sont prot\u00e9g\u00e9es par la loi sur la propri\u00e9t\u00e9 intellectuelle.<\/p>\n<p>L&#8217;acc\u00e8s \u00e0 la phototh\u00e8que de France Universit\u00e9s ainsi que l&#8217;utilisation des photos qu&#8217;elle contient supposent que vous acceptez les termes du pr\u00e9sent contrat.<\/p>\n<h4>Propri\u00e9t\u00e9 intellectuelle :<\/h4>\n<p>La Phototh\u00e8que et son contenu sont prot\u00e9g\u00e9s par des droits de propri\u00e9t\u00e9 intellectuelle (droit d\u2019auteur, marques, etc.) appartenant \u00e0 France Universit\u00e9s ou \u00e0 des tiers ayant conc\u00e9d\u00e9 une licence d\u2019utilisation \u00e0 France Universit\u00e9s.<br \/>\nLes utilisateurs devront respecter l\u2019int\u00e9grit\u00e9 des photos (Ni modification ni alt\u00e9ration) sauf accord de nos services.<br \/>\nLe droit d\u2019utilisation qui vous est conc\u00e9d\u00e9 ne saurait en aucun cas \u00eatre interpr\u00e9t\u00e9 comme une cession des droits de propri\u00e9t\u00e9 intellectuelle sur les photos.<br \/>\nToute utilisation dans le non-respect des conditions g\u00e9n\u00e9rales constitue une contrefa\u00e7on r\u00e9prim\u00e9e par le Code de la propri\u00e9t\u00e9 intellectuelle et vous expose \u00e0 des poursuites civiles et\/ou p\u00e9nales.<br \/>\nEn cas de doute quant \u00e0 l\u2019\u00e9tendue de l\u2019autorisation d\u2019utilisation conc\u00e9d\u00e9e par les pr\u00e9sentes, n\u2019h\u00e9sitez pas \u00e0 nous consulter en contactant :<\/p>\n<p><a href=\"mailto:communication@cpu.fr\">communication@franceuniversites.fr<\/a><\/p>\n<p>La reproduction ou repr\u00e9sentation, int\u00e9grale ou partielle, de tout \u00e9l\u00e9ment de la Phototh\u00e8que, par quelque proc\u00e9d\u00e9 ou support que ce soit, est interdite et constitue une contrefa\u00e7on.<\/p>\n<h4>Droit applicable et tribunaux comp\u00e9tents :<\/h4>\n<p>Les pr\u00e9sentes conditions g\u00e9n\u00e9rales sont r\u00e9gies par le droit fran\u00e7ais.<br \/>\nTout litige li\u00e9 \u00e0 votre utilisation de la Phototh\u00e8que ou relatif aux conditions g\u00e9n\u00e9rales sera soumis \u00e0 la comp\u00e9tence exclusive des tribunaux comp\u00e9tents de Paris, nonobstant pluralit\u00e9 de d\u00e9fendeurs ou appel en garantie, m\u00eame pour les proc\u00e9dures d&#8217;urgence ou les proc\u00e9dures conservatoires, en r\u00e9f\u00e9r\u00e9 ou sur requ\u00eate.<\/p>\n<p>La phototh\u00e8que de France Universit\u00e9s d\u00e9gage sa responsabilit\u00e9 en cas de non-respect des pr\u00e9sentes conditions par l\u2019utilisateur et se r\u00e9serve le droit d\u2019engager des poursuites judiciaires \u00e0 l\u2019encontre de toute personne qui ne respecterait pas les pr\u00e9sentes conditions d\u2019utilisation telles que d\u00e9finies aux articles L 335-2 et suivants du Code de la Propri\u00e9t\u00e9 Intellectuelle pouvant engager la responsabilit\u00e9 civile et p\u00e9nale du contrefacteur.<\/p>\n<p>Toute personne qui s\u2019oppose \u00e0 l\u2019utilisation et\/ou diffusion de photos devra manifester son opposition par \u00e9crit et l\u2019adresser \u00e0 France Universit\u00e9s \u00e0 l\u2019adresse ci-dessous.<\/p>\n<p>Pour toute question au sujet des mentions l\u00e9gales ou sur la phototh\u00e8que de France Universit\u00e9s, vous pouvez contacter :<\/p>\n<p><strong>France Universit\u00e9s &#8211; Service Communication<\/strong><br \/>\n<a href=\"mailto:communication@cpu.fr\"><strong>communication@franceuniversites.fr<\/strong><\/a><\/p>\n<p>&nbsp;<\/p>\n<p><strong>Les photographes :<\/strong><\/p>\n<p>Thomas Hazebrouck pour les reportages de l&#8217;Universit\u00e9 de Franche Comt\u00e9 et l&#8217;Universit\u00e9 Paris Cit\u00e9.<\/p>\n<p>David Pell pour les reportages de l&#8217;Universit\u00e9 d&#8217;Angers et l&#8217;Universit\u00e9 de Montpellier.<\/p>\n<p>\u00a9 Les mentions de cr\u00e9dit sont obligatoires pour toutes utilisations des photos. Elles ne peuvent \u00eatre dissoci\u00e9es ou supprim\u00e9es.<\/p>\n","protected":false},"excerpt":{"rendered":"<p>La phototh\u00e8que de France Universit\u00e9s met gratuitement \u00e0 la disposition des journalistes, acteurs de l\u2019enseignement et autres utilisateurs (associations, \u00e9tudiants, etc.) une banque de photos des universit\u00e9s et \u00e9tablissements d\u2019enseignement sup\u00e9rieur et de recherche. L\u2019objectif de la phototh\u00e8que de France Universit\u00e9s est d\u2019offrir des ressources multim\u00e9dia permettant de valoriser et faire la promotion des universit\u00e9s et \u00e9tablissements d\u2019enseignement sup\u00e9rieur et de recherche en France. Bien que les photos contenues dans la phototh\u00e8que de France Universit\u00e9s soient en acc\u00e8s libre, elles sont prot\u00e9g\u00e9es par la loi sur la propri\u00e9t\u00e9 intellectuelle. L&#8217;acc\u00e8s \u00e0 la phototh\u00e8que de France Universit\u00e9s ainsi que l&#8217;utilisation des photos qu&#8217;elle contient supposent que vous acceptez les termes du pr\u00e9sent contrat. Propri\u00e9t\u00e9 intellectuelle : La Phototh\u00e8que et son contenu sont prot\u00e9g\u00e9s par des droits de propri\u00e9t\u00e9 intellectuelle (droit d\u2019auteur, marques, etc.) appartenant \u00e0 France Universit\u00e9s ou \u00e0 des tiers ayant conc\u00e9d\u00e9 une licence d\u2019utilisation \u00e0 France Universit\u00e9s. Les utilisateurs&#8230; <a class=\"moretag\" href=\"https:\/\/franceuniversites.fr\/phototheque\/conditions-dutilisation\/\"><span class=\"space\">&nbsp;&nbsp;<\/span>&nbsp;read more&nbsp;<\/a><\/p>\n","protected":false},"author":1,"featured_media":0,"parent":0,"menu_order":0,"comment_status":"closed","ping_status":"closed","template":"","meta":{"footnotes":""},"class_list":["post-4156","page","type-page","status-publish","hentry"],"acf":[],"_links":{"self":[{"href":"https:\/\/franceuniversites.fr\/phototheque\/wp-json\/wp\/v2\/pages\/4156","targetHints":{"allow":["GET"]}}],"collection":[{"href":"https:\/\/franceuniversites.fr\/phototheque\/wp-json\/wp\/v2\/pages"}],"about":[{"href":"https:\/\/franceuniversites.fr\/phototheque\/wp-json\/wp\/v2\/types\/page"}],"author":[{"embeddable":true,"href":"https:\/\/franceuniversites.fr\/phototheque\/wp-json\/wp\/v2\/users\/1"}],"replies":[{"embeddable":true,"href":"https:\/\/franceuniversites.fr\/phototheque\/wp-json\/wp\/v2\/comments?post=4156"}],"version-history":[{"count":7,"href":"https:\/\/franceuniversites.fr\/phototheque\/wp-json\/wp\/v2\/pages\/4156\/revisions"}],"predecessor-version":[{"id":15165,"href":"https:\/\/franceuniversites.fr\/phototheque\/wp-json\/wp\/v2\/pages\/4156\/revisions\/15165"}],"wp:attachment":[{"href":"https:\/\/franceuniversites.fr\/phototheque\/wp-json\/wp\/v2\/media?parent=4156"}],"curies":[{"name":"wp","href":"https:\/\/api.w.org\/{rel}","templated":true}]}}