{"id":4151,"date":"2019-07-08T10:28:49","date_gmt":"2019-07-08T08:28:49","guid":{"rendered":"http:\/\/www.cpu.fr\/phototheque\/?page_id=4151"},"modified":"2019-09-02T11:05:57","modified_gmt":"2019-09-02T09:05:57","slug":"guide-dutilisation","status":"publish","type":"page","link":"https:\/\/franceuniversites.fr\/phototheque\/guide-dutilisation\/","title":{"rendered":"Guide d&#8217;utilisation"},"content":{"rendered":"<div  class=\"fw-main-row section \"  >\t\n\t   \n\t<div class=\"fw-container\">\n\t\t\t\t<div class=\"fw-row\">\n\t<div class=\"fw-col-xs-12\">\n\t<h3 style=\"text-align: center;\"><span style=\"color: #4d4d4d;\">D\u00e9couvrez des centaines de photos mises \u00e0 votre disposition par les universit\u00e9s et \u00e9tablissements d'enseignement sup\u00e9rieur.<\/span><\/h3><p>Pour effectuer une recherche, vous pouvez utiliser une  des fonctionnalit\u00e9s suivantes :<\/p><ul><li>le moteur de recherche accessible depuis la page d'accueil et sur la page \"Phototh\u00e8que\".<br \/><i class=\"demo-icon icon-plus\"><\/i> Vous avez la possibilit\u00e9 d'effectuer une recherche sur l'ensemble de la phototh\u00e8que ou sur une cat\u00e9gorie en particulier.<\/li><li>un clic sur une cat\u00e9gorie ou un mot-cl\u00e9.<br \/><i class=\"demo-icon icon-plus\"><\/i> En cliquant sur une cat\u00e9gorie ou un mot-cl\u00e9, vous arrivez sur une page avec l'ensemble des ressources rattach\u00e9es \u00e0 cette cat\u00e9gorie ou ce mot-cl\u00e9<\/li><\/ul>\n\t<div class=\"fw-divider-space\" style=\"padding-top: 20px;\"><\/div>\n\t<div class=\"fw-divider-line\"><hr\/><\/div>\n\n<h3 style=\"text-align: center;\"><span style=\"color: #4d4d4d;\">Retrouvez ci-dessous toutes les cat\u00e9gories de la phototh\u00e8que<\/span><\/h3><\/div>\n<\/div>\n\n\t<\/div>\n\t<\/div>\n\n","protected":false},"excerpt":{"rendered":"<p>D\u00e9couvrez des centaines de photos mises \u00e0 votre disposition par les universit\u00e9s et \u00e9tablissements d&#8217;enseignement sup\u00e9rieur.Pour effectuer une recherche, vous pouvez utiliser une des fonctionnalit\u00e9s suivantes :le moteur de recherche accessible depuis la page d&#8217;accueil et sur la page &#8220;Phototh\u00e8que&#8221;. Vous avez la possibilit\u00e9 d&#8217;effectuer une recherche sur l&#8217;ensemble de la phototh\u00e8que ou sur une cat\u00e9gorie en particulier.un clic sur une cat\u00e9gorie ou un mot-cl\u00e9. En cliquant sur une cat\u00e9gorie ou un mot-cl\u00e9, vous arrivez sur une page avec l&#8217;ensemble des ressources rattach\u00e9es \u00e0 cette cat\u00e9gorie ou ce mot-cl\u00e9 Retrouvez ci-dessous toutes les cat\u00e9gories de la phototh\u00e8que<\/p>\n","protected":false},"author":1,"featured_media":0,"parent":0,"menu_order":0,"comment_status":"closed","ping_status":"closed","template":"page-guide-utilisation.php","meta":{"footnotes":""},"class_list":["post-4151","page","type-page","status-publish","hentry"],"acf":[],"_links":{"self":[{"href":"https:\/\/franceuniversites.fr\/phototheque\/wp-json\/wp\/v2\/pages\/4151","targetHints":{"allow":["GET"]}}],"collection":[{"href":"https:\/\/franceuniversites.fr\/phototheque\/wp-json\/wp\/v2\/pages"}],"about":[{"href":"https:\/\/franceuniversites.fr\/phototheque\/wp-json\/wp\/v2\/types\/page"}],"author":[{"embeddable":true,"href":"https:\/\/franceuniversites.fr\/phototheque\/wp-json\/wp\/v2\/users\/1"}],"replies":[{"embeddable":true,"href":"https:\/\/franceuniversites.fr\/phototheque\/wp-json\/wp\/v2\/comments?post=4151"}],"version-history":[{"count":0,"href":"https:\/\/franceuniversites.fr\/phototheque\/wp-json\/wp\/v2\/pages\/4151\/revisions"}],"wp:attachment":[{"href":"https:\/\/franceuniversites.fr\/phototheque\/wp-json\/wp\/v2\/media?parent=4151"}],"curies":[{"name":"wp","href":"https:\/\/api.w.org\/{rel}","templated":true}]}}